{"id":483,"date":"2024-04-24T14:26:59","date_gmt":"2024-04-24T14:26:59","guid":{"rendered":"https:\/\/desti-wordpress.jcloud.ik-server.com\/?page_id=483"},"modified":"2024-07-18T14:02:33","modified_gmt":"2024-07-18T14:02:33","slug":"protection-des-donnees-et-vie-privee","status":"publish","type":"page","link":"https:\/\/www.destinationbook.com\/public\/protection-des-donnees-et-vie-privee\/","title":{"rendered":"Protection des donn\u00e9es et vie priv\u00e9e"},"content":{"rendered":"\t\t<div data-elementor-type=\"wp-page\" data-elementor-id=\"483\" class=\"elementor elementor-483\" data-elementor-post-type=\"page\">\n\t\t\t\t<div data-particle_enable=\"false\" data-particle-mobile-disabled=\"false\" class=\"elementor-element elementor-element-1e3d8f3 e-flex e-con-boxed e-con e-parent\" data-id=\"1e3d8f3\" data-element_type=\"container\" data-e-type=\"container\">\n\t\t\t\t\t<div class=\"e-con-inner\">\n\t\t\t\t<div class=\"elementor-element elementor-element-77e62d3 elementor-widget elementor-widget-spacer\" data-id=\"77e62d3\" data-element_type=\"widget\" data-e-type=\"widget\" data-widget_type=\"spacer.default\">\n\t\t\t\t<div class=\"elementor-widget-container\">\n\t\t\t\t\t\t\t<div class=\"elementor-spacer\">\n\t\t\t<div class=\"elementor-spacer-inner\"><\/div>\n\t\t<\/div>\n\t\t\t\t\t\t<\/div>\n\t\t\t\t<\/div>\n\t\t\t\t<div class=\"elementor-element elementor-element-94b93b1 elementor-widget__width-initial elementor-widget-mobile__width-initial elementor-widget elementor-widget-heading\" data-id=\"94b93b1\" data-element_type=\"widget\" data-e-type=\"widget\" data-widget_type=\"heading.default\">\n\t\t\t\t<div class=\"elementor-widget-container\">\n\t\t\t\t\t<h2 class=\"elementor-heading-title elementor-size-default\">Protection des donn\u00e9es et vie priv\u00e9e<\/h2>\t\t\t\t<\/div>\n\t\t\t\t<\/div>\n\t\t\t\t<div class=\"elementor-element elementor-element-ee84c37 elementor-widget__width-initial elementor-widget-mobile__width-initial elementor-widget elementor-widget-text-editor\" data-id=\"ee84c37\" data-element_type=\"widget\" data-e-type=\"widget\" data-widget_type=\"text-editor.default\">\n\t\t\t\t<div class=\"elementor-widget-container\">\n\t\t\t\t\t\t\t\t\t<h2 class=\"wp-block-heading\">Application mobile<\/h2><p>Notre application vous permet de consulter vos documents de voyage sans connexion permanente \u00e0 Internet.<\/p><p>La mise \u00e0 disposition de ce service se fait dans le plus strict respect de votre vie priv\u00e9e. L\u2019utilisation de l\u2019app n\u2019entra\u00eene :<\/p><p>&#8211; aucune collecte de donn\u00e9es personnelles,<br \/>&#8211; aucune analyse de comportement,<br \/>&#8211; aucun tra\u00e7age g\u00e9ographique,<br \/>&#8211; aucune transmission de votre itin\u00e9raire \u00e0 une tierce partie.<\/p><p>Nous enregistrons toutefois des donn\u00e9es techniques d\u2019ordre g\u00e9n\u00e9ral au moment de la synchronisation des donn\u00e9es entre nos serveurs et votre appareil, dans des fichiers dits \u00ab\u00a0journaux\u00a0\u00bb. En font notamment partie: date et heure de connexion, adresse IP, type d\u2019appareil ainsi que le navigateur utilis\u00e9. Les journaux ne sont pas transmis \u00e0 une \u00e0 tierce partie et sont conserv\u00e9s pour des raisons techniques et commerciales (recherche d\u2019erreurs\/statistiques).<\/p><p>En cas de question, merci de contacter : support@destinationbook.com<\/p><h3><strong>Notification de mise \u00e0 jour<\/strong><\/h3><p>L\u2019activation de cette fonction permet, le cas \u00e9ch\u00e9ant, de vous signaler une modification de votre carnet de voyage. Afin de b\u00e9n\u00e9ficier de cette fonction, veuillez s\u2019il vous pla\u00eet autoriser les notifications push pour cette application.<\/p>\t\t\t\t\t\t\t\t<\/div>\n\t\t\t\t<\/div>\n\t\t\t\t\t<\/div>\n\t\t\t\t<\/div>\n\t\t\t\t<\/div>\n\t\t","protected":false},"excerpt":{"rendered":"<p>Protection des donn\u00e9es et vie priv\u00e9e Application mobile Notre application vous permet de consulter vos documents de voyage sans connexion permanente \u00e0 Internet. La mise \u00e0 disposition de ce service se fait dans le plus strict respect de votre vie priv\u00e9e. L\u2019utilisation de l\u2019app n\u2019entra\u00eene : &#8211; aucune collecte de donn\u00e9es personnelles,&#8211; aucune analyse de [&hellip;]<\/p>\n","protected":false},"author":2,"featured_media":0,"parent":0,"menu_order":0,"comment_status":"closed","ping_status":"closed","template":"elementor_header_footer","meta":{"footnotes":""},"class_list":["post-483","page","type-page","status-publish","hentry"],"_links":{"self":[{"href":"https:\/\/www.destinationbook.com\/public\/wp-json\/wp\/v2\/pages\/483","targetHints":{"allow":["GET"]}}],"collection":[{"href":"https:\/\/www.destinationbook.com\/public\/wp-json\/wp\/v2\/pages"}],"about":[{"href":"https:\/\/www.destinationbook.com\/public\/wp-json\/wp\/v2\/types\/page"}],"author":[{"embeddable":true,"href":"https:\/\/www.destinationbook.com\/public\/wp-json\/wp\/v2\/users\/2"}],"replies":[{"embeddable":true,"href":"https:\/\/www.destinationbook.com\/public\/wp-json\/wp\/v2\/comments?post=483"}],"version-history":[{"count":7,"href":"https:\/\/www.destinationbook.com\/public\/wp-json\/wp\/v2\/pages\/483\/revisions"}],"predecessor-version":[{"id":2311,"href":"https:\/\/www.destinationbook.com\/public\/wp-json\/wp\/v2\/pages\/483\/revisions\/2311"}],"wp:attachment":[{"href":"https:\/\/www.destinationbook.com\/public\/wp-json\/wp\/v2\/media?parent=483"}],"curies":[{"name":"wp","href":"https:\/\/api.w.org\/{rel}","templated":true}]}}